

{"id":3011,"date":"2017-05-27T14:15:35","date_gmt":"2017-05-27T18:15:35","guid":{"rendered":"https:\/\/cotegilbert.com\/nouveau\/home\/"},"modified":"2024-06-27T16:29:04","modified_gmt":"2024-06-27T20:29:04","slug":"home","status":"publish","type":"page","link":"https:\/\/cotegilbert.com\/en\/","title":{"rendered":"Home"},"content":{"rendered":"<p>[vc_row hide_bg_image_on_tablet=&#8221;&#8221; hide_bg_image_on_mobile=&#8221;&#8221;][vc_column][rev_slider_vc alias=&#8221;home-1-1&#8243;][\/vc_column][\/vc_row][vc_row full_width=&#8221;stretch_row&#8221; content_placement=&#8221;middle&#8221; hide_bg_image_on_tablet=&#8221;&#8221; hide_bg_image_on_mobile=&#8221;&#8221; css=&#8221;.vc_custom_1715634848448{background-color: #f2f2f2 !important;}&#8221; el_class=&#8221;cf_date&#8221;][vc_column icons_position=&#8221;left&#8221;][vc_empty_space alter_height=&#8221;small&#8221; hide_on_desktop=&#8221;&#8221; hide_on_notebook=&#8221;&#8221; hide_on_tablet=&#8221;&#8221; hide_on_mobile=&#8221;&#8221; css=&#8221;.vc_custom_1639994704153{margin-top: -0.65rem !important;}&#8221;][vc_custom_heading text=&#8221;9 dentists to serve you&#8221; font_container=&#8221;tag:h2|font_size:25px|text_align:left|color:%23ef866e&#8221; google_fonts=&#8221;font_family:Montserrat%3Aregular%2C700|font_style:400%20regular%3A400%3Anormal&#8221;][vc_empty_space alter_height=&#8221;small&#8221; hide_on_desktop=&#8221;&#8221; hide_on_notebook=&#8221;&#8221; hide_on_tablet=&#8221;&#8221; hide_on_mobile=&#8221;&#8221; css=&#8221;.vc_custom_1639994704153{margin-top: -0.65rem !important;}&#8221;]<div id=\"\"\r\n\t\tclass=\"sc_title color_style_default sc_title_default\"><h3 class=\"sc_item_title sc_title_title sc_align_left sc_item_title_style_default\">Welcome to Soins Dentaires C\u00f4t\u00e9 Gilbert<\/h3><\/div><!-- \/.sc_title -->[vc_empty_space alter_height=&#8221;small&#8221; hide_on_desktop=&#8221;&#8221; hide_on_notebook=&#8221;&#8221; hide_on_tablet=&#8221;&#8221; hide_on_mobile=&#8221;&#8221; css=&#8221;.vc_custom_1639994704153{margin-top: -0.65rem !important;}&#8221;][vc_column_text]<span style=\"color: #838383;\">The team at Soins dentaires C\u00f4t\u00e9 Gilbert in Montr\u00e9al-North is pleased to welcome you.<\/span><\/p>\n<p><span style=\"color: #838383;\">Whether your goal is maintaining good oral health or acquiring a wonderful smile, we have the experience and passion you need to achieve your goal. Our personalized, welcoming approach will put you at ease from the moment you make your needs known to us.<\/span>[\/vc_column_text][vc_empty_space height=&#8221;50px&#8221; alter_height=&#8221;none&#8221; hide_on_desktop=&#8221;&#8221; hide_on_notebook=&#8221;&#8221; hide_on_tablet=&#8221;&#8221; hide_on_mobile=&#8221;&#8221;][\/vc_column][\/vc_row][vc_row full_width=&#8221;stretch_row_content_no_spaces&#8221; equal_height=&#8221;yes&#8221; hide_bg_image_on_tablet=&#8221;&#8221; hide_bg_image_on_mobile=&#8221;&#8221; css=&#8221;.vc_custom_1568014661941{background-size: cover !important;}&#8221;][vc_column width=&#8221;1\/2&#8243; fix_column=&#8221;&#8221; hide_bg_image_on_tablet=&#8221;&#8221; hide_bg_image_on_mobile=&#8221;&#8221; icons_position=&#8221;left&#8221; css=&#8221;.vc_custom_1647104881296{background-size: cover !important;}&#8221; offset=&#8221;vc_hidden-xs&#8221;][vc_single_image image=&#8221;3552&#8243; img_size=&#8221;full&#8221;][\/vc_column][vc_column width=&#8221;1\/2&#8243; hide_bg_image_on_tablet=&#8221;&#8221; hide_bg_image_on_mobile=&#8221;&#8221; icons_position=&#8221;left&#8221; offset=&#8221;vc_col-sm-offset-0 vc_col-xs-offset-1 vc_col-xs-10&#8243; css=&#8221;.vc_custom_1568014611375{background-size: cover !important;}&#8221;]<div id=\"\"\r\n\t\tclass=\"sc_content color_style_default sc_content_default sc_content_width_1_2 sc_float_left sc_shift_x_small custm_bg_rght\"><div class=\"sc_content_container\">[vc_row_inner hide_bg_image_on_tablet=&#8221;&#8221; hide_bg_image_on_mobile=&#8221;&#8221; css=&#8221;.vc_custom_1628742437032{background-image: url(https:\/\/cotegilbert.com\/wp-content\/uploads\/2017\/05\/promo_bg.jpg?id=591) !important;background-position: center right !important;background-repeat: no-repeat !important;background-size: contain !important;}&#8221;][vc_column_inner width=&#8221;11\/12&#8243; hide_bg_image_on_tablet=&#8221;&#8221; hide_bg_image_on_mobile=&#8221;&#8221; icons_position=&#8221;left&#8221; offset=&#8221;vc_col-lg-offset-1 vc_col-lg-11 vc_col-md-offset-0 vc_col-md-11 vc_col-sm-offset-0&#8243; css=&#8221;.vc_custom_1568014631127{background-size: cover !important;}&#8221;][vc_custom_heading text=&#8221;Doctors believe your health is an asset. We care for your dental and gingival health but we do so much more.&#8221; font_container=&#8221;tag:h2|font_size:25px|text_align:left|color:%23ef866e&#8221; google_fonts=&#8221;font_family:Montserrat%3Aregular%2C700|font_style:400%20regular%3A400%3Anormal&#8221;][vc_column_text]<span style=\"color: #8a8a8a;\">Doctors believe your health is an asset We care for your dental and gingival health but we do so much more. We are also interested in the beauty of your smile, the alignment of your jaw, oral-facial pain, nutrition, breathing, swallowing, and sleep and speech issues.<\/span>[\/vc_column_text][vc_empty_space height=&#8221;5px&#8221; alter_height=&#8221;small&#8221; hide_on_desktop=&#8221;&#8221; hide_on_notebook=&#8221;&#8221; hide_on_tablet=&#8221;&#8221; hide_on_mobile=&#8221;&#8221; css=&#8221;.vc_custom_1647105424995{margin-top: -0.85rem !important;}&#8221;][vc_btn title=&#8221;Meet the team&#8221; style=&#8221;custom&#8221; custom_background=&#8221;#838383&#8243; custom_text=&#8221;#ffffff&#8221; size=&#8221;lg&#8221; link=&#8221;url:https%3A%2F%2Fcotegilbert.com%2Fen%2Fthe-team%2F|title:The%20team&#8221;][\/vc_column_inner][\/vc_row_inner]<\/div><\/div><!-- \/.sc_content -->[\/vc_column][\/vc_row][vc_row full_width=&#8221;stretch_row&#8221; content_placement=&#8221;middle&#8221; css=&#8221;.vc_custom_1715634858190{margin-top: 80px !important;margin-bottom: 10px !important;background-color: #f3937d !important;}&#8221;][vc_column width=&#8221;1\/2&#8243; css=&#8221;.vc_custom_1715362666944{padding-top: 10px !important;padding-right: 10px !important;padding-bottom: 10px !important;padding-left: 10px !important;background-color: #f3937d !important;}&#8221;][vc_empty_space height=&#8221;20&#8243; hide_on_desktop=&#8221;&#8221; hide_on_notebook=&#8221;&#8221; hide_on_tablet=&#8221;&#8221; hide_on_mobile=&#8221;&#8221;][vc_column_text]<span style=\"color: #ffffff; font-size: 24px;\"><strong>Canadian Dental Care Plan<\/strong><\/span><br \/>\n<span style=\"color: #ffffff;\">We welcome Canadian Dental Care Plan patients. We are delighted to know that more people will have access to oral care with an unprecedented financial assistance program.<\/span><\/p>\n<p><span style=\"color: #545454;\">To find out more, <a style=\"color: #545454;\" href=\"https:\/\/www.canada.ca\/en\/services\/benefits\/dental\/dental-care-plan.html\" target=\"_blank\" rel=\"noopener\">click here<\/a><\/span>[\/vc_column_text][vc_empty_space height=&#8221;20&#8243; hide_on_desktop=&#8221;&#8221; hide_on_notebook=&#8221;&#8221; hide_on_tablet=&#8221;&#8221; hide_on_mobile=&#8221;&#8221;][\/vc_column][vc_column width=&#8221;1\/2&#8243; css=&#8221;.vc_custom_1715362679237{padding-top: 10px !important;padding-right: 10px !important;padding-bottom: 10px !important;padding-left: 10px !important;background-color: #797979 !important;}&#8221;][vc_empty_space height=&#8221;20&#8243; hide_on_desktop=&#8221;&#8221; hide_on_notebook=&#8221;&#8221; hide_on_tablet=&#8221;&#8221; hide_on_mobile=&#8221;&#8221;][vc_column_text]<span style=\"color: #ffffff; font-size: 24px;\"><strong>Interim Federal Health Program<\/strong><span style=\"font-size: 14px;\">(IFHP)<\/span><\/span><br \/>\n<span style=\"color: #ffffff;\">We are also registered as a dental care provider for asylum seekers under the Federal Interim Health Program (IFHP).<\/span><\/p>\n<p><span style=\"color: #ffffff;\">To find out more, <a style=\"color: #ffffff;\" href=\"https:\/\/www.canada.ca\/en\/immigration-refugees-citizenship\/services\/refugees\/help-within-canada\/health-care\/interim-federal-health-program\/eligibility.html\" target=\"_blank\" rel=\"noopener\">click here<\/a> <\/span>[\/vc_column_text][vc_empty_space height=&#8221;150&#8243; hide_on_desktop=&#8221;&#8221; hide_on_notebook=&#8221;&#8221; hide_on_tablet=&#8221;&#8221; hide_on_mobile=&#8221;&#8221;][\/vc_column][\/vc_row][vc_row full_width=&#8221;stretch_row&#8221; gap=&#8221;15&#8243; content_placement=&#8221;middle&#8221; hide_bg_image_on_tablet=&#8221;&#8221; hide_bg_image_on_mobile=&#8221;&#8221;][vc_column][vc_empty_space height=&#8221;10px&#8221; alter_height=&#8221;none&#8221; hide_on_desktop=&#8221;&#8221; hide_on_notebook=&#8221;&#8221; hide_on_tablet=&#8221;&#8221; hide_on_mobile=&#8221;&#8221; css=&#8221;.vc_custom_1654635612355{margin-top: 1.25rem !important;}&#8221;][vc_column_text]<\/p>\n<h3 style=\"text-align: center;\">Services offered at the clinic<\/h3>\n<p>[\/vc_column_text][vc_empty_space height=&#8221;10px&#8221; alter_height=&#8221;none&#8221; hide_on_desktop=&#8221;&#8221; hide_on_notebook=&#8221;&#8221; hide_on_tablet=&#8221;&#8221; hide_on_mobile=&#8221;&#8221; css=&#8221;.vc_custom_1654635612355{margin-top: 1.25rem !important;}&#8221;][vc_row_inner gap=&#8221;15&#8243; hide_bg_image_on_tablet=&#8221;&#8221; hide_bg_image_on_mobile=&#8221;&#8221;][vc_column_inner width=&#8221;1\/4&#8243; hide_bg_image_on_tablet=&#8221;&#8221; hide_bg_image_on_mobile=&#8221;&#8221; css=&#8221;.vc_custom_1654635625158{margin-right: 20px !important;margin-left: 20px !important;background-color: #ffffff !important;}&#8221;][vc_empty_space height=&#8221;20px&#8221; alter_height=&#8221;none&#8221; hide_on_desktop=&#8221;&#8221; hide_on_notebook=&#8221;&#8221; hide_on_tablet=&#8221;&#8221; hide_on_mobile=&#8221;&#8221;][vc_single_image image=&#8221;2705&#8243; img_size=&#8221;full&#8221; alignment=&#8221;center&#8221;][vc_column_text]<\/p>\n<div class=\"sc_services_item_header\">\n<h6 class=\"sc_services_item_title\" style=\"text-align: center;\"><a href=\"https:\/\/cotegilbert.com\/en\/#\">PlanScan \u2013 E4D Crowns in only 1 appointment<\/a><\/h6>\n<\/div>\n<p style=\"text-align: center;\"><a href=\"https:\/\/cotegilbert.com\/en\/services\/planscan-e4d-crowns-in-only-1-appointment\/\">Learn more<\/a><\/p>\n<p>[\/vc_column_text][vc_empty_space height=&#8221;20px&#8221; alter_height=&#8221;none&#8221; hide_on_desktop=&#8221;&#8221; hide_on_notebook=&#8221;&#8221; hide_on_tablet=&#8221;&#8221; hide_on_mobile=&#8221;&#8221;][\/vc_column_inner][vc_column_inner width=&#8221;1\/4&#8243; css=&#8221;.vc_custom_1654635768745{margin-right: 20px !important;margin-left: 20px !important;background-color: #ffffff !important;}&#8221;][vc_empty_space height=&#8221;20px&#8221; alter_height=&#8221;none&#8221; hide_on_desktop=&#8221;&#8221; hide_on_notebook=&#8221;&#8221; hide_on_tablet=&#8221;&#8221; hide_on_mobile=&#8221;&#8221;][vc_single_image image=&#8221;2686&#8243; img_size=&#8221;full&#8221; alignment=&#8221;center&#8221;][vc_column_text]<\/p>\n<div class=\"sc_services_item_header\">\n<h6 class=\"sc_services_item_title\" style=\"text-align: center;\"><a href=\"https:\/\/cotegilbert.com\/en\/#\">Teeth whitening<\/a><\/h6>\n<\/div>\n<p style=\"text-align: center;\"><a href=\"https:\/\/cotegilbert.com\/en\/services\/teeth-whitening\/\">Learn more<\/a><\/p>\n<p>[\/vc_column_text][vc_empty_space height=&#8221;20px&#8221; alter_height=&#8221;none&#8221; hide_on_desktop=&#8221;&#8221; hide_on_notebook=&#8221;&#8221; hide_on_tablet=&#8221;&#8221; hide_on_mobile=&#8221;&#8221;][\/vc_column_inner][vc_column_inner width=&#8221;1\/4&#8243; css=&#8221;.vc_custom_1654635773377{margin-right: 20px !important;margin-left: 20px !important;background-color: #ffffff !important;}&#8221;][vc_empty_space height=&#8221;20px&#8221; alter_height=&#8221;none&#8221; hide_on_desktop=&#8221;&#8221; hide_on_notebook=&#8221;&#8221; hide_on_tablet=&#8221;&#8221; hide_on_mobile=&#8221;&#8221;][vc_single_image image=&#8221;2702&#8243; img_size=&#8221;full&#8221; alignment=&#8221;center&#8221;][vc_column_text]<\/p>\n<div class=\"sc_services_item_header\">\n<h6 class=\"sc_services_item_title\" style=\"text-align: center;\"><a href=\"https:\/\/cotegilbert.com\/en\/#\">Invisalign<\/a><\/h6>\n<\/div>\n<p style=\"text-align: center;\"><a href=\"https:\/\/cotegilbert.com\/en\/services\/invisalign-en\/\">Learn more<\/a><\/p>\n<p>[\/vc_column_text][vc_empty_space height=&#8221;52px&#8221; alter_height=&#8221;none&#8221; hide_on_desktop=&#8221;&#8221; hide_on_notebook=&#8221;&#8221; hide_on_tablet=&#8221;&#8221; hide_on_mobile=&#8221;&#8221;][\/vc_column_inner][vc_column_inner width=&#8221;1\/4&#8243; css=&#8221;.vc_custom_1654635778596{margin-right: 20px !important;margin-left: 20px !important;background-color: #ffffff !important;}&#8221;][vc_empty_space height=&#8221;20px&#8221; alter_height=&#8221;none&#8221; hide_on_desktop=&#8221;&#8221; hide_on_notebook=&#8221;&#8221; hide_on_tablet=&#8221;&#8221; hide_on_mobile=&#8221;&#8221;][vc_single_image image=&#8221;2703&#8243; img_size=&#8221;full&#8221; alignment=&#8221;center&#8221;][vc_column_text]<\/p>\n<div class=\"sc_services_item_header\">\n<h6 class=\"sc_services_item_title\" style=\"text-align: center;\"><a href=\"https:\/\/cotegilbert.com\/en\/#\">Orthodontics<\/a><\/h6>\n<\/div>\n<p style=\"text-align: center;\"><a href=\"https:\/\/cotegilbert.com\/en\/services\/orthodontics\/\">Learn more<\/a><\/p>\n<p>[\/vc_column_text][vc_empty_space height=&#8221;52px&#8221; alter_height=&#8221;none&#8221; hide_on_desktop=&#8221;&#8221; hide_on_notebook=&#8221;&#8221; hide_on_tablet=&#8221;&#8221; hide_on_mobile=&#8221;&#8221;][\/vc_column_inner][\/vc_row_inner][vc_empty_space alter_height=&#8221;small&#8221; hide_on_desktop=&#8221;&#8221; hide_on_notebook=&#8221;&#8221; hide_on_tablet=&#8221;&#8221; hide_on_mobile=&#8221;&#8221; css=&#8221;.vc_custom_1505301068269{margin-top: -0.3rem !important;}&#8221;]<div class=\"sc_item_button sc_button_wrap sc_align_center\"><a href=\"https:\/\/cotegilbert.com\/en\/les-soins\/\" class=\"sc_button color_style_default sc_button_simple sc_button_size_large sc_button_icon_left\"><span class=\"sc_button_text\"><span class=\"sc_button_title\">See all our services!<\/span><\/span><!-- \/.sc_button_text --><\/a><!-- \/.sc_button --><\/div><!-- \/.sc_item_button -->[vc_empty_space alter_height=&#8221;small&#8221; hide_on_desktop=&#8221;&#8221; hide_on_notebook=&#8221;&#8221; hide_on_tablet=&#8221;&#8221; hide_on_mobile=&#8221;&#8221; css=&#8221;.vc_custom_1505301068269{margin-top: -0.3rem !important;}&#8221;][vc_empty_space alter_height=&#8221;huge&#8221; hide_on_desktop=&#8221;&#8221; hide_on_notebook=&#8221;&#8221; hide_on_tablet=&#8221;&#8221; hide_on_mobile=&#8221;&#8221;][\/vc_column][\/vc_row][vc_row full_width=&#8221;stretch_row_content_no_spaces&#8221; hide_bg_image_on_tablet=&#8221;&#8221; hide_bg_image_on_mobile=&#8221;&#8221; row_delimiter=&#8221;&#8221; row_fixed=&#8221;&#8221; hide_on_desktop=&#8221;&#8221; hide_on_notebook=&#8221;&#8221; hide_on_tablet=&#8221;&#8221; hide_on_mobile=&#8221;&#8221; hide_on_frontpage=&#8221;&#8221; css=&#8221;.vc_custom_1628765453775{margin-top: -2px !important;background-color: #f4f7f7 !important;}&#8221;][vc_column width=&#8221;1\/2&#8243; icons_position=&#8221;left&#8221; offset=&#8221;vc_col-sm-offset-0 vc_col-xs-offset-1 vc_col-xs-10&#8243;][vc_empty_space height=&#8221;40px&#8221; alter_height=&#8221;none&#8221; hide_on_desktop=&#8221;&#8221; hide_on_notebook=&#8221;&#8221; hide_on_tablet=&#8221;&#8221; hide_on_mobile=&#8221;&#8221;]<div id=\"\"\r\n\t\tclass=\"sc_content color_style_default sc_content_default sc_content_width_1_2 sc_float_right\"><div class=\"sc_content_container\">[vc_row_inner][vc_column_inner width=&#8221;5\/6&#8243; icons_position=&#8221;left&#8221;][vc_empty_space alter_height=&#8221;small&#8221; hide_on_desktop=&#8221;1&#8243; hide_on_notebook=&#8221;1&#8243; hide_on_tablet=&#8221;1&#8243; hide_on_mobile=&#8221;&#8221;]<div id=\"\"\r\n\t\tclass=\"sc_title color_style_default sc_title_default\"><h6 class=\"sc_item_subtitle sc_title_subtitle sc_align_left sc_item_title_style_default\">At Soins Dentaires C\u00f4t\u00e9 Gilbert, we are always on the lookout for the latest technologies and scientific developments.<\/h6><\/div><!-- \/.sc_title -->[vc_empty_space hide_on_desktop=&#8221;&#8221; hide_on_notebook=&#8221;&#8221; hide_on_tablet=&#8221;&#8221; hide_on_mobile=&#8221;&#8221; css=&#8221;.vc_custom_1505303837057{margin-top: 0.7rem !important;}&#8221;]<div id=\"\"\r\n\t\tclass=\"sc_title color_style_default sc_title_default\"><h3 class=\"sc_item_title sc_title_title sc_align_left sc_item_title_style_default sc_item_title_tag\">We are continually looking for the best ways to take care of you, while adopting a human approach.<\/h3><\/div><!-- \/.sc_title -->[vc_empty_space alter_height=&#8221;medium&#8221; hide_on_desktop=&#8221;&#8221; hide_on_notebook=&#8221;&#8221; hide_on_tablet=&#8221;&#8221; hide_on_mobile=&#8221;&#8221; css=&#8221;.vc_custom_1505303863518{margin-top: 0.7rem !important;}&#8221;][vc_single_image image=&#8221;2136&#8243; img_size=&#8221;full&#8221;][vc_empty_space alter_height=&#8221;medium&#8221; hide_on_desktop=&#8221;&#8221; hide_on_notebook=&#8221;&#8221; hide_on_tablet=&#8221;&#8221; hide_on_mobile=&#8221;&#8221;][vc_empty_space alter_height=&#8221;huge&#8221; hide_on_desktop=&#8221;&#8221; hide_on_notebook=&#8221;&#8221; hide_on_tablet=&#8221;&#8221; hide_on_mobile=&#8221;&#8221;][\/vc_column_inner][\/vc_row_inner]<\/div><\/div><!-- \/.sc_content -->[\/vc_column][vc_column width=&#8221;1\/2&#8243; hide_bg_image_on_tablet=&#8221;&#8221; hide_bg_image_on_mobile=&#8221;&#8221; icons_position=&#8221;left&#8221; css=&#8221;.vc_custom_1647110664901{background-image: url(https:\/\/cotegilbert.com\/wp-content\/uploads\/2022\/03\/doc-vue3.jpg?id=2155) !important;background-position: center !important;background-repeat: no-repeat !important;background-size: cover !important;}&#8221; offset=&#8221;vc_col-sm-offset-0 vc_hidden-xs&#8221;]<div id=\"\"\r\n\t\tclass=\"sc_content color_style_default sc_content_default sc_content_width_1_2 sc_float_left\"><div class=\"sc_content_container\">[vc_row_inner scheme=&#8221;dark&#8221;][vc_column_inner width=&#8221;5\/6&#8243; icons_position=&#8221;left&#8221; offset=&#8221;vc_col-md-offset-2 vc_col-md-10 vc_col-sm-offset-1&#8243;][vc_empty_space alter_height=&#8221;medium&#8221; hide_on_desktop=&#8221;&#8221; hide_on_notebook=&#8221;&#8221; hide_on_tablet=&#8221;&#8221; hide_on_mobile=&#8221;&#8221; css=&#8221;.vc_custom_1505303033528{margin-top: -0.25rem !important;}&#8221;][vc_empty_space alter_height=&#8221;huge&#8221; hide_on_desktop=&#8221;&#8221; hide_on_notebook=&#8221;&#8221; hide_on_tablet=&#8221;&#8221; hide_on_mobile=&#8221;&#8221;]<div id=\"\"\r\n\t\tclass=\"sc_title color_style_default sc_title_default\"><h6 class=\"sc_item_title sc_title_title sc_align_left sc_item_title_style_default sc_item_title_tag\">Why our clinic?<\/h6><\/div><!-- \/.sc_title -->[vc_empty_space alter_height=&#8221;medium&#8221; hide_on_desktop=&#8221;&#8221; hide_on_notebook=&#8221;&#8221; hide_on_tablet=&#8221;&#8221; hide_on_mobile=&#8221;&#8221; css=&#8221;.vc_custom_1505303101244{margin-top: 1.5rem !important;}&#8221;][vc_column_text]<\/p>\n<ul class=\"trx_addons_list_parameters\">\n<li style=\"text-align: left;\">9 dentists<\/li>\n<li style=\"text-align: left;\">A positive dental experience.<\/li>\n<li style=\"text-align: left;\">welcoming, relaxed atmosphere<\/li>\n<li style=\"text-align: left;\">A gentle and respectful approach<\/li>\n<li style=\"text-align: left;\">Easy access with parking<\/li>\n<\/ul>\n<p>[\/vc_column_text][vc_empty_space alter_height=&#8221;medium&#8221; hide_on_desktop=&#8221;&#8221; hide_on_notebook=&#8221;&#8221; hide_on_tablet=&#8221;&#8221; hide_on_mobile=&#8221;&#8221; css=&#8221;.vc_custom_1505303714743{margin-top: 0.5rem !important;}&#8221;][vc_empty_space alter_height=&#8221;huge&#8221; hide_on_desktop=&#8221;&#8221; hide_on_notebook=&#8221;&#8221; hide_on_tablet=&#8221;&#8221; hide_on_mobile=&#8221;&#8221;][\/vc_column_inner][\/vc_row_inner]<\/div><\/div><!-- \/.sc_content -->[\/vc_column][\/vc_row][vc_row][vc_column][vc_column_text][\/vc_column_text][\/vc_column][\/vc_row][vc_row full_width=&#8221;stretch_row&#8221; scheme=&#8221;dark&#8221; hide_bg_image_on_tablet=&#8221;&#8221; hide_bg_image_on_mobile=&#8221;&#8221; css=&#8221;.vc_custom_1647109071696{background-image: url(https:\/\/cotegilbert.com\/wp-content\/uploads\/2022\/03\/nouveaupatient2.jpg?id=2139) !important;background-position: center !important;background-repeat: no-repeat !important;background-size: cover !important;}&#8221;][vc_column width=&#8221;5\/12&#8243; css=&#8221;.vc_custom_1651771625428{padding-left: 50px !important;}&#8221;][vc_empty_space alter_height=&#8221;medium&#8221; hide_on_desktop=&#8221;&#8221; hide_on_notebook=&#8221;&#8221; hide_on_tablet=&#8221;&#8221; hide_on_mobile=&#8221;&#8221; css=&#8221;.vc_custom_1505305446547{margin-top: -0.6rem !important;}&#8221;][vc_empty_space alter_height=&#8221;huge&#8221; hide_on_desktop=&#8221;&#8221; hide_on_notebook=&#8221;&#8221; hide_on_tablet=&#8221;&#8221; hide_on_mobile=&#8221;&#8221;]<div id=\"\"\r\n\t\tclass=\"sc_title color_style_default sc_title_default\"><h2 class=\"sc_item_title sc_title_title sc_align_left sc_item_title_style_default sc_item_title_tag\">New patients are welcome !<\/h2><\/div><!-- \/.sc_title -->[vc_empty_space alter_height=&#8221;small&#8221; hide_on_desktop=&#8221;&#8221; hide_on_notebook=&#8221;&#8221; hide_on_tablet=&#8221;&#8221; hide_on_mobile=&#8221;&#8221; css=&#8221;.vc_custom_1505305639666{margin-top: -0.1rem !important;}&#8221;][vc_column_text]<span style=\"font-size: 1.133em; font-weight: 500; line-height: 1.54; color: #ffffff;\">We are proud to have served the people of Montr\u00e9al and surrounding areas for more than 30 years.<\/span>[\/vc_column_text][vc_empty_space alter_height=&#8221;medium&#8221; hide_on_desktop=&#8221;&#8221; hide_on_notebook=&#8221;&#8221; hide_on_tablet=&#8221;&#8221; hide_on_mobile=&#8221;&#8221; css=&#8221;.vc_custom_1505305709728{margin-top: 0.05rem !important;}&#8221;][vc_empty_space alter_height=&#8221;huge&#8221; hide_on_desktop=&#8221;&#8221; hide_on_notebook=&#8221;&#8221; hide_on_tablet=&#8221;&#8221; hide_on_mobile=&#8221;&#8221;][\/vc_column][\/vc_row][vc_row scheme=&#8221;dark&#8221; hide_bg_image_on_tablet=&#8221;&#8221; hide_bg_image_on_mobile=&#8221;&#8221; css=&#8221;.vc_custom_1651756843695{background-color: #f3927c !important;background-size: cover !important;}&#8221;][vc_column icons_position=&#8221;left&#8221;][vc_empty_space height=&#8221;20px&#8221; alter_height=&#8221;medium&#8221; hide_on_desktop=&#8221;&#8221; hide_on_notebook=&#8221;&#8221; hide_on_tablet=&#8221;&#8221; hide_on_mobile=&#8221;&#8221; css=&#8221;.vc_custom_1647107187583{margin-top: 0.2rem !important;}&#8221;][\/vc_column][\/vc_row]<\/p>\n","protected":false},"excerpt":{"rendered":"<p>[vc_row hide_bg_image_on_tablet=&#8221;&#8221; hide_bg_image_on_mobile=&#8221;&#8221;][vc_column][rev_slider_vc alias=&#8221;home-1-1&#8243;][\/vc_column][\/vc_row][vc_row full_width=&#8221;stretch_row&#8221; content_placement=&#8221;middle&#8221; hide_bg_image_on_tablet=&#8221;&#8221; hide_bg_image_on_mobile=&#8221;&#8221; css=&#8221;.vc_custom_1715634848448{background-color: #f2f2f2 !important;}&#8221; el_class=&#8221;cf_date&#8221;][vc_column icons_position=&#8221;left&#8221;][vc_empty_space alter_height=&#8221;small&#8221; hide_on_desktop=&#8221;&#8221; hide_on_notebook=&#8221;&#8221; hide_on_tablet=&#8221;&#8221; hide_on_mobile=&#8221;&#8221; css=&#8221;.vc_custom_1639994704153{margin-top: -0.65rem !important;}&#8221;][vc_custom_heading text=&#8221;9 dentists to serve you&#8221; font_container=&#8221;tag:h2|font_size:25px|text_align:left|color:%23ef866e&#8221; google_fonts=&#8221;font_family:Montserrat%3Aregular%2C700|font_style:400%20regular%3A400%3Anormal&#8221;][vc_empty_space alter_height=&#8221;small&#8221; hide_on_desktop=&#8221;&#8221; hide_on_notebook=&#8221;&#8221; hide_on_tablet=&#8221;&#8221; hide_on_mobile=&#8221;&#8221; css=&#8221;.vc_custom_1639994704153{margin-top: -0.65rem !important;}&#8221;][vc_empty_space alter_height=&#8221;small&#8221; hide_on_desktop=&#8221;&#8221; hide_on_notebook=&#8221;&#8221; hide_on_tablet=&#8221;&#8221; hide_on_mobile=&#8221;&#8221; css=&#8221;.vc_custom_1639994704153{margin-top: -0.65rem !important;}&#8221;][vc_column_text]The team at Soins dentaires C\u00f4t\u00e9 Gilbert in Montr\u00e9al-North is pleased to welcome you. Whether your goal&hellip;<\/p>\n","protected":false},"author":1,"featured_media":0,"parent":0,"menu_order":0,"comment_status":"closed","ping_status":"closed","template":"","meta":{"footnotes":""},"class_list":["post-3011","page","type-page","status-publish","hentry"],"_links":{"self":[{"href":"https:\/\/cotegilbert.com\/en\/wp-json\/wp\/v2\/pages\/3011","targetHints":{"allow":["GET"]}}],"collection":[{"href":"https:\/\/cotegilbert.com\/en\/wp-json\/wp\/v2\/pages"}],"about":[{"href":"https:\/\/cotegilbert.com\/en\/wp-json\/wp\/v2\/types\/page"}],"author":[{"embeddable":true,"href":"https:\/\/cotegilbert.com\/en\/wp-json\/wp\/v2\/users\/1"}],"replies":[{"embeddable":true,"href":"https:\/\/cotegilbert.com\/en\/wp-json\/wp\/v2\/comments?post=3011"}],"version-history":[{"count":28,"href":"https:\/\/cotegilbert.com\/en\/wp-json\/wp\/v2\/pages\/3011\/revisions"}],"predecessor-version":[{"id":3627,"href":"https:\/\/cotegilbert.com\/en\/wp-json\/wp\/v2\/pages\/3011\/revisions\/3627"}],"wp:attachment":[{"href":"https:\/\/cotegilbert.com\/en\/wp-json\/wp\/v2\/media?parent=3011"}],"curies":[{"name":"wp","href":"https:\/\/api.w.org\/{rel}","templated":true}]}}